{"id":2106,"date":"2020-11-26T15:39:58","date_gmt":"2020-11-26T18:39:58","guid":{"rendered":"http:\/\/www.redis.cl\/?page_id=2106"},"modified":"2024-07-10T13:02:10","modified_gmt":"2024-07-10T17:02:10","slug":"quienes-somos","status":"publish","type":"page","link":"https:\/\/www.redis.cl\/index.php\/quienes-somos\/","title":{"rendered":"Qui\u00e9nes somos"},"content":{"rendered":"\n<p>La <strong>REDIS<\/strong> la componen las universidades chilenas que imparten programas de dise\u00f1o adscritas al Consejo de Rectores de Universidades Chilenas CRUCH. Es, por tanto, una red acad\u00e9mica que aglutina a las escuelas matrices que dieron origen a la disciplina del dise\u00f1o en Chile. De norte a sur la componen:<\/p>\n\n\n\n<ul class=\"wp-block-list\">\n<li>Universidad de Tarapac\u00e1, Escuela de Dise\u00f1o e Innovaci\u00f3n Tecnol\u00f3gica.<\/li>\n\n\n\n<li>Universidad de Antofagasta, Escuela de Dise\u00f1o Gr\u00e1fico.<\/li>\n\n\n\n<li>Universidad de la Serena, Escuela de Dise\u00f1o.<\/li>\n\n\n\n<li>Universidad de Valpara\u00edso, Escuela de Dise\u00f1o.<\/li>\n\n\n\n<li>Universidad de Playa Ancha, Escuela de Dise\u00f1o.<\/li>\n\n\n\n<li>Universidad Cat\u00f3lica de Valpara\u00edso, Escuela de Dise\u00f1o.<\/li>\n\n\n\n<li>Universidad de Chile, Escuela de Dise\u00f1o.<\/li>\n\n\n\n<li>Universidad Tecnol\u00f3gica Metropolitana, Escuela de Dise\u00f1o, Departamento de Dise\u00f1o.<\/li>\n\n\n\n<li>Pontificia Universidad Cat\u00f3lica de Chile, Escuela de Dise\u00f1o.<\/li>\n\n\n\n<li>Universidad de Talca, Escuela de Dise\u00f1o.<\/li>\n\n\n\n<li>Universidad del B\u00edo-B\u00edo, Escuela de Dise\u00f1o Industrial, Departamento de Arte y Tecnolog\u00edas del Dise\u00f1o, Escuela de Dise\u00f1o Gr\u00e1fico, Departamento de Comunicaci\u00f3n Visual.<\/li>\n\n\n\n<li>Universidad Cat\u00f3lica de Temuco, Escuela de Dise\u00f1o, Departamento de Dise\u00f1o.<\/li>\n\n\n\n<li>Universidad Austral de Chile, Escuela de Dise\u00f1o.<\/li>\n\n\n\n<li>Universidad de Santiago de Chile, Escuela de Dise\u00f1o.<\/li>\n\n\n\n<li>Universidad Diego Portales, Escuela de Dise\u00f1o.<\/li>\n<\/ul>\n\n\n\n<div style=\"height:81px\" aria-hidden=\"true\" class=\"wp-block-spacer\"><\/div>\n\n\n\n<figure class=\"wp-block-image size-large\"><img fetchpriority=\"high\" decoding=\"async\" width=\"1024\" height=\"156\" src=\"https:\/\/www.redis.cl\/wp-content\/uploads\/2024\/07\/LogosUes-2-1024x156.png\" alt=\"\" class=\"wp-image-3763\" srcset=\"https:\/\/www.redis.cl\/wp-content\/uploads\/2024\/07\/LogosUes-2-1024x156.png 1024w, https:\/\/www.redis.cl\/wp-content\/uploads\/2024\/07\/LogosUes-2-300x46.png 300w, https:\/\/www.redis.cl\/wp-content\/uploads\/2024\/07\/LogosUes-2-768x117.png 768w, https:\/\/www.redis.cl\/wp-content\/uploads\/2024\/07\/LogosUes-2-1536x234.png 1536w, https:\/\/www.redis.cl\/wp-content\/uploads\/2024\/07\/LogosUes-2-2048x312.png 2048w\" sizes=\"(max-width: 1024px) 100vw, 1024px\" \/><\/figure>\n","protected":false},"excerpt":{"rendered":"<p>La REDIS la componen las universidades chilenas que imparten programas de dise\u00f1o adscritas al Consejo de Rectores de Universidades Chilenas CRUCH. Es, por tanto, una red acad\u00e9mica que aglutina a las escuelas matrices que dieron origen a la disciplina del dise\u00f1o en Chile. De norte a sur la componen:<\/p>\n","protected":false},"author":1,"featured_media":1396,"parent":0,"menu_order":0,"comment_status":"closed","ping_status":"closed","template":"","meta":{"_acf_changed":false,"footnotes":""},"class_list":["post-2106","page","type-page","status-publish","has-post-thumbnail","hentry"],"acf":[],"_links":{"self":[{"href":"https:\/\/www.redis.cl\/index.php\/wp-json\/wp\/v2\/pages\/2106","targetHints":{"allow":["GET"]}}],"collection":[{"href":"https:\/\/www.redis.cl\/index.php\/wp-json\/wp\/v2\/pages"}],"about":[{"href":"https:\/\/www.redis.cl\/index.php\/wp-json\/wp\/v2\/types\/page"}],"author":[{"embeddable":true,"href":"https:\/\/www.redis.cl\/index.php\/wp-json\/wp\/v2\/users\/1"}],"replies":[{"embeddable":true,"href":"https:\/\/www.redis.cl\/index.php\/wp-json\/wp\/v2\/comments?post=2106"}],"version-history":[{"count":12,"href":"https:\/\/www.redis.cl\/index.php\/wp-json\/wp\/v2\/pages\/2106\/revisions"}],"predecessor-version":[{"id":3869,"href":"https:\/\/www.redis.cl\/index.php\/wp-json\/wp\/v2\/pages\/2106\/revisions\/3869"}],"wp:featuredmedia":[{"embeddable":true,"href":"https:\/\/www.redis.cl\/index.php\/wp-json\/wp\/v2\/media\/1396"}],"wp:attachment":[{"href":"https:\/\/www.redis.cl\/index.php\/wp-json\/wp\/v2\/media?parent=2106"}],"curies":[{"name":"wp","href":"https:\/\/api.w.org\/{rel}","templated":true}]}}