{"id":2108,"date":"2020-11-26T15:40:46","date_gmt":"2020-11-26T18:40:46","guid":{"rendered":"http:\/\/www.redis.cl\/?page_id=2108"},"modified":"2022-07-06T00:56:27","modified_gmt":"2022-07-06T04:56:27","slug":"historia","status":"publish","type":"page","link":"https:\/\/www.redis.cl\/index.php\/historia\/","title":{"rendered":"Historia"},"content":{"rendered":"\n<p>La Red de Escuelas se forja en el a\u00f1o 2007, tras un llamado del Ministerio de Educaci\u00f3n de la \u00e9poca, quien a trav\u00e9s del mecanismo de financiamiento MECESUP, solicita a las universidades del estado asociarse para desarrollar iniciativas en conjunto.\u00a0<\/p>\n\n\n\n<p>En las primeras reuniones, sostenidas por los directivos de las escuelas de dise\u00f1o de las universidades Tecnol\u00f3gica Metropolitana, de Chile y de Valpara\u00edso se discuten las ventajas de una futura alianza, a la que luego se invita a las universidades de la zona sur: Talca, Biob\u00edo y Cat\u00f3lica de Temuco, quienes ya desarrollaban colaboraci\u00f3n entre s\u00ed. Producto de esta convocatoria, los directores de la \u00e9poca sostienen una serie de reuniones en los distintos territorios, acciones que ser\u00edan claves para generar confianzas al advertir la similitud en las realidades y problemas que enfrentaban. Por esta raz\u00f3n, se genera un acuerdo de cooperaci\u00f3n estipulado por medio de un Convenio Marco al que se suma la Pontificia Universidad Cat\u00f3lica de Chile y la Universidad de la Serena. El convenio se tramita desde la Universidad de Valpara\u00edso y se oficializa con el Decreto Exento N\u00ba 02609, <strong>el 07 de mayo de 2008.<\/strong><\/p>\n\n\n\n<p>A partir de la firma de dicho convenio, los directores de escuela deciden levantar en conjunto un proyecto MECESUP el que se postula a trav\u00e9s de la Universidad de Valpara\u00edso, siendo adjudicado el a\u00f1o 2009. A partir de esa fecha, comienza una estrecha colaboraci\u00f3n entre las escuelas, la que involucra a los directivos, cuerpos docentes y alumnos, quienes como beneficiarios del proyecto comparten diversas reuniones de trabajo.<\/p>\n\n\n\n<p>Hoy en d\u00eda, la <strong>REDIS<\/strong> se proyecta como una alianza para la colaboraci\u00f3n acad\u00e9mica, en la que las escuelas se benefician mutuamente de las actividades desarrolladas a lo largo del calendario acad\u00e9mico. Entre las m\u00e1s significativas est\u00e1 el <em>Concurso de Etiquetas de Vino<\/em>, organizado por la Escuela de Dise\u00f1o de la U de Talca; el <em>Seminario de Tecnolog\u00edas y Metodolog\u00edas innovadora s aplicadas a la Ense\u00f1anza del Dise\u00f1o<\/em>, organizado por el Departamento de Dise\u00f1o de la UTEM; y el <em>Seminario de Investigaci\u00f3n en Dise\u00f1o<\/em>, organizado por el Departamento de Arte y Tecnolog\u00edas del Dise\u00f1o de la UBB.<\/p>\n","protected":false},"excerpt":{"rendered":"<p>La Red de Escuelas se forja en el a\u00f1o 2007, tras un llamado del Ministerio de Educaci\u00f3n de la \u00e9poca, quien a trav\u00e9s del mecanismo de financiamiento MECESUP, solicita a las universidades del estado asociarse para desarrollar iniciativas en conjunto.\u00a0 En las primeras reuniones, sostenidas por los directivos de las escuelas de dise\u00f1o de las [&hellip;]<\/p>\n","protected":false},"author":1,"featured_media":1319,"parent":0,"menu_order":0,"comment_status":"closed","ping_status":"closed","template":"","meta":{"_acf_changed":false,"footnotes":""},"class_list":["post-2108","page","type-page","status-publish","has-post-thumbnail","hentry"],"acf":[],"_links":{"self":[{"href":"https:\/\/www.redis.cl\/index.php\/wp-json\/wp\/v2\/pages\/2108","targetHints":{"allow":["GET"]}}],"collection":[{"href":"https:\/\/www.redis.cl\/index.php\/wp-json\/wp\/v2\/pages"}],"about":[{"href":"https:\/\/www.redis.cl\/index.php\/wp-json\/wp\/v2\/types\/page"}],"author":[{"embeddable":true,"href":"https:\/\/www.redis.cl\/index.php\/wp-json\/wp\/v2\/users\/1"}],"replies":[{"embeddable":true,"href":"https:\/\/www.redis.cl\/index.php\/wp-json\/wp\/v2\/comments?post=2108"}],"version-history":[{"count":3,"href":"https:\/\/www.redis.cl\/index.php\/wp-json\/wp\/v2\/pages\/2108\/revisions"}],"predecessor-version":[{"id":3251,"href":"https:\/\/www.redis.cl\/index.php\/wp-json\/wp\/v2\/pages\/2108\/revisions\/3251"}],"wp:featuredmedia":[{"embeddable":true,"href":"https:\/\/www.redis.cl\/index.php\/wp-json\/wp\/v2\/media\/1319"}],"wp:attachment":[{"href":"https:\/\/www.redis.cl\/index.php\/wp-json\/wp\/v2\/media?parent=2108"}],"curies":[{"name":"wp","href":"https:\/\/api.w.org\/{rel}","templated":true}]}}