{"id":2137,"date":"2020-11-26T16:14:56","date_gmt":"2020-11-26T19:14:56","guid":{"rendered":"http:\/\/www.redis.cl\/?page_id=2137"},"modified":"2020-11-26T16:19:03","modified_gmt":"2020-11-26T19:19:03","slug":"objetivos-especificos","status":"publish","type":"page","link":"https:\/\/www.redis.cl\/index.php\/objetivos-especificos\/","title":{"rendered":"Objetivos espec\u00edficos"},"content":{"rendered":"\n<p><strong>1. <\/strong>Lograr la interacci\u00f3n de sus acad\u00e9micos en actividades docentes, de investigaci\u00f3n y de difusi\u00f3n.<\/p>\n\n\n\n<p><strong>2.<\/strong> Implementar la movilidad estudiantil entre los miembros de la red.<\/p>\n\n\n\n<p><strong>3. <\/strong>Orientar la definici\u00f3n de un perfil universitario de dise\u00f1ador de validez nacional en base a competencias profesionales, abord\u00e1ndolas en virtud del sentido y pertinencia de la disciplina, la profesi\u00f3n y los nichos laborales, con independencia a las que emanen de las particularidades misionales y filos\u00f3ficas de las escuelas participantes.<\/p>\n\n\n\n<p><strong>4. <\/strong>Realizar investigaci\u00f3n conjunta, relevante para el desarrollo del pa\u00eds.<\/p>\n\n\n\n<p><strong>5. <\/strong>Propiciar la vinculaci\u00f3n de la formaci\u00f3n universitaria en dise\u00f1o con la agenda de desarrollo del pa\u00eds y, con ello, asegurar la pertinencia de su ejercicio profesional.<\/p>\n","protected":false},"excerpt":{"rendered":"<p>1. Lograr la interacci\u00f3n de sus acad\u00e9micos en actividades docentes, de investigaci\u00f3n y de difusi\u00f3n. 2. Implementar la movilidad estudiantil entre los miembros de la red. 3. Orientar la definici\u00f3n de un perfil universitario de dise\u00f1ador de validez nacional en base a competencias profesionales, abord\u00e1ndolas en virtud del sentido y pertinencia de la disciplina, la [&hellip;]<\/p>\n","protected":false},"author":1,"featured_media":96,"parent":0,"menu_order":0,"comment_status":"closed","ping_status":"closed","template":"","meta":{"_acf_changed":false,"footnotes":""},"class_list":["post-2137","page","type-page","status-publish","has-post-thumbnail","hentry"],"acf":[],"_links":{"self":[{"href":"https:\/\/www.redis.cl\/index.php\/wp-json\/wp\/v2\/pages\/2137","targetHints":{"allow":["GET"]}}],"collection":[{"href":"https:\/\/www.redis.cl\/index.php\/wp-json\/wp\/v2\/pages"}],"about":[{"href":"https:\/\/www.redis.cl\/index.php\/wp-json\/wp\/v2\/types\/page"}],"author":[{"embeddable":true,"href":"https:\/\/www.redis.cl\/index.php\/wp-json\/wp\/v2\/users\/1"}],"replies":[{"embeddable":true,"href":"https:\/\/www.redis.cl\/index.php\/wp-json\/wp\/v2\/comments?post=2137"}],"version-history":[{"count":3,"href":"https:\/\/www.redis.cl\/index.php\/wp-json\/wp\/v2\/pages\/2137\/revisions"}],"predecessor-version":[{"id":2140,"href":"https:\/\/www.redis.cl\/index.php\/wp-json\/wp\/v2\/pages\/2137\/revisions\/2140"}],"wp:featuredmedia":[{"embeddable":true,"href":"https:\/\/www.redis.cl\/index.php\/wp-json\/wp\/v2\/media\/96"}],"wp:attachment":[{"href":"https:\/\/www.redis.cl\/index.php\/wp-json\/wp\/v2\/media?parent=2137"}],"curies":[{"name":"wp","href":"https:\/\/api.w.org\/{rel}","templated":true}]}}