{"id":2284,"date":"2020-11-26T22:02:47","date_gmt":"2020-11-27T01:02:47","guid":{"rendered":"http:\/\/www.redis.cl\/?page_id=2284"},"modified":"2025-03-19T15:16:35","modified_gmt":"2025-03-19T18:16:35","slug":"representantes","status":"publish","type":"page","link":"https:\/\/www.redis.cl\/index.php\/representantes\/","title":{"rendered":"Representantes"},"content":{"rendered":"\n<p>La <strong>REDIS<\/strong> se re\u00fane trimestralmente para sesionar los proyectos, iniciativas y actividades a lo largo del a\u00f1o. Los representantes de las Escuelas son los encargados de asistir a las reuniones y de retroalimentar a sus respectivas unidades respecto de los acuerdos de la REDIS. Actualmente, la REDIS posee una Directiva, conformada por un Director, un Director Alterno y un equipo de colaboraci\u00f3n que es por lo general el equipo anfitri\u00f3n de la sede en que ocurre la reuni\u00f3n trimestral.<\/p>\n\n\n\n<p>Los representantes actuales son:<\/p>\n\n\n\n<ul class=\"wp-block-list\">\n<li><strong>Daniela Gonz\u00e1lez<\/strong>, Coordinadora de Vinculaci\u00f3n, Facultad de Administraci\u00f3n y Econom\u00eda, Universidad de Tarapac\u00e1.<\/li>\n\n\n\n<li><strong>Evelyn Hirsh<\/strong>, acad\u00e9mica Escuela de Dise\u00f1o Gr\u00e1fico, Universidad de Antofagasta.<\/li>\n\n\n\n<li><strong>Eduardo Breems<\/strong>, acad\u00e9mico Escuela de Dise\u00f1o Gr\u00e1fico, Universidad de Antofagasta.<\/li>\n\n\n\n<li><strong>Luis Pi\u00f1a Lobos<\/strong>, Director Escuela de Dise\u00f1o, Universidad de La Serena.<\/li>\n\n\n\n<li><strong>Ricardo Baeza<\/strong>, Secretario Acad\u00e9mico del Departamento de Artes y Letras, Facultad de Humanidades, Universidad de La Serena.<\/li>\n\n\n\n<li><strong>Alejandro Osorio,<\/strong> Director Escuela de Dise\u00f1o, Universidad de Valpara\u00edso.<\/li>\n\n\n\n<li><strong>\u00d3scar Acu\u00f1a<\/strong>, Secretario Planificaci\u00f3n y Desarrollo, Escuela de Dise\u00f1o, Universidad de Valpara\u00edso.<\/li>\n\n\n\n<li><strong>Manuel Astudillo<\/strong>, Jefe de Carrera, Escuela de Dise\u00f1o, Universidad de Valpara\u00edso.<\/li>\n\n\n\n<li><strong>Michele Wilkomirsky<\/strong>, Jefa de Docencia Escuela de Arquitectura y Dise\u00f1o, Pontificia Universidad Cat\u00f3lica de Valpara\u00edso.<\/li>\n\n\n\n<li><strong>Juan Carlos Jeldes<\/strong>, Director Escuela de Arquitectura y Dise\u00f1o, Pontificia Universidad Cat\u00f3lica de Valpara\u00edso.<\/li>\n\n\n\n<li><strong>Guido Olivares S<\/strong>, Director Escuela de Dise\u00f1o, Universidad de Playa Ancha.<\/li>\n\n\n\n<li><strong>Tom\u00e1s C\u00e1rdenas<\/strong>, Decano Facultad de Humanidades y Tecnolog\u00edas de la Comunicaci\u00f3n Social, Universidad Tecnol\u00f3gica Metropolitana.<\/li>\n\n\n\n<li><strong>Pilar del Real<\/strong>, Directora de Departamento de Dise\u00f1o, Universidad Tecnol\u00f3gica Metropolitana.<\/li>\n\n\n\n<li><strong>Rodrigo Ram\u00edrez<\/strong>, Director Escuela de Dise\u00f1o, Pontificia Universidad Cat\u00f3lica de Chile.<\/li>\n\n\n\n<li><strong>Astrid Osorio Mu\u00f1oz<\/strong>, Jefe de Carrera de Dise\u00f1o, Universidad de Chile.<\/li>\n\n\n\n<li><strong>Javier Lorca<\/strong>, Coordinador Acad\u00e9mico Escuela de Dise\u00f1o Universidad de Talca.<\/li>\n\n\n\n<li><strong>Jorge Cartes<\/strong>, Director de la Escuela de Dise\u00f1o de la Universidad de Talca.<\/li>\n\n\n\n<li><strong>Claudia Jim\u00e9nez Valero<\/strong>, Directoria Departamento de Dise\u00f1o, UC Temuco.<\/li>\n\n\n\n<li><strong>P\u00eda Lindemann<\/strong>, Directora Escuela de Dise\u00f1o Industrial, Universidad del B\u00edo-B\u00edo.&nbsp;<\/li>\n\n\n\n<li><strong style=\"color: initial;\">Gabriel Hern\u00e1ndez M<\/strong><span style=\"color: initial;\">, Representante Acad\u00e9mico del Departamento de Arte y Tecnolog\u00edas del Dise\u00f1o, Universidad del B\u00edo-B\u00edo.<\/span><\/li>\n\n\n\n<li><strong>Fernando Palma<\/strong>, Director Departamento de Arte y Tecnolog\u00edas del Dise\u00f1o, Universidad del B\u00edo-B\u00edo.<\/li>\n\n\n\n<li><strong>Alejandro Arros<\/strong>, Director Escuela de Dise\u00f1o Gr\u00e1fico, Universidad del B\u00edo-B\u00edo.<\/li>\n\n\n\n<li><strong>Paula Simian<\/strong>, Jefa de Carrera Dise\u00f1o Gr\u00e1fico \/ Dise\u00f1o Industrial, Universidad Cat\u00f3lica de Temuco.<\/li>\n\n\n\n<li><strong>Marcos Garc\u00eda<\/strong>, Acad\u00e9mico Escuela de Dise\u00f1o, Universidad Austral de Chile.<\/li>\n\n\n\n<li><strong>Daniela Caro<\/strong>, Directora Escuela de Dise\u00f1o, Universidad Austral de Chile.<\/li>\n\n\n\n<li><strong>Crist\u00f3bal Moreno Mu\u00f1oz (Director) y Fabi\u00e1n Jeno Hern\u00e1ndez<\/strong>, Universidad de Santiago de Chile.<\/li>\n\n\n\n<li><strong>Pedro Silva<\/strong>, Director&nbsp;Escuela de Dise\u00f1o,&nbsp;Facultad de Arquitectura, Arte y Dise\u00f1o, Universidad Diego Portales).<\/li>\n<\/ul>\n","protected":false},"excerpt":{"rendered":"<p>La REDIS se re\u00fane trimestralmente para sesionar los proyectos, iniciativas y actividades a lo largo del a\u00f1o. Los representantes de las Escuelas son los encargados de asistir a las reuniones y de retroalimentar a sus respectivas unidades respecto de los acuerdos de la REDIS. Actualmente, la REDIS posee una Directiva, conformada por un Director, un [&hellip;]<\/p>\n","protected":false},"author":1,"featured_media":0,"parent":0,"menu_order":0,"comment_status":"closed","ping_status":"closed","template":"","meta":{"_acf_changed":false,"footnotes":""},"class_list":["post-2284","page","type-page","status-publish","hentry"],"acf":[],"_links":{"self":[{"href":"https:\/\/www.redis.cl\/index.php\/wp-json\/wp\/v2\/pages\/2284","targetHints":{"allow":["GET"]}}],"collection":[{"href":"https:\/\/www.redis.cl\/index.php\/wp-json\/wp\/v2\/pages"}],"about":[{"href":"https:\/\/www.redis.cl\/index.php\/wp-json\/wp\/v2\/types\/page"}],"author":[{"embeddable":true,"href":"https:\/\/www.redis.cl\/index.php\/wp-json\/wp\/v2\/users\/1"}],"replies":[{"embeddable":true,"href":"https:\/\/www.redis.cl\/index.php\/wp-json\/wp\/v2\/comments?post=2284"}],"version-history":[{"count":22,"href":"https:\/\/www.redis.cl\/index.php\/wp-json\/wp\/v2\/pages\/2284\/revisions"}],"predecessor-version":[{"id":3950,"href":"https:\/\/www.redis.cl\/index.php\/wp-json\/wp\/v2\/pages\/2284\/revisions\/3950"}],"wp:attachment":[{"href":"https:\/\/www.redis.cl\/index.php\/wp-json\/wp\/v2\/media?parent=2284"}],"curies":[{"name":"wp","href":"https:\/\/api.w.org\/{rel}","templated":true}]}}